{"id":19,"date":"2013-10-29T11:16:12","date_gmt":"2013-10-29T11:16:12","guid":{"rendered":"http:\/\/localhost:8888\/Kramer%20und%20Partner\/?page_id=19"},"modified":"2023-08-11T09:15:31","modified_gmt":"2023-08-11T07:15:31","slug":"termine","status":"publish","type":"page","link":"https:\/\/kramer-und-partner.com\/?page_id=19","title":{"rendered":"Termine"},"content":{"rendered":"<h2><strong>Mediatoren Ausbildung <\/strong><\/h2>\n<p>ab 08.02.2024 \u00a0\u00a0\u00a0\u00a0\u00a0\u00a0 <strong>ZM 15 \u00a0 \u00a0 <span style=\"color: #993300;\"><br \/>\n<\/span><\/strong><\/p>\n<p>ab 14.11.2024 \u00a0 \u00a0\u00a0\u00a0\u00a0 <strong>ZM 16 \u00a0\u00a0\u00a0 <\/strong><\/p>\n<ul>\n<li>Beginn der neuen Mediatoren Weiterbildungan der Juristischen Fakult\u00e4t der Universit\u00e4t Potsdam<\/li>\n<\/ul>\n<h2><strong>Weiterbildung f\u00fcr Mediatoren und Wirtschaftsmediatoren<\/strong><\/h2>\n<p>Training und Prozesssicherheit Mediatoren\u00a0 30.11. bis 02.12.2023<\/p>\n<p>Organisationswissen\u00a0\u00a0\u00a0\u00a0\u00a0\u00a0\u00a0\u00a0\u00a0\u00a0\u00a0\u00a0\u00a0\u00a0\u00a0\u00a0\u00a0\u00a0\u00a0\u00a0\u00a0\u00a0\u00a0\u00a0\u00a0\u00a0 \u00a0 \u00a0\u00a0\u00a0 19.09. bis 21.09.2024<\/p>\n<ul>\n<li>Fortbildungen f\u00fcr Mediatoren (Zertifiziert nach den Mediationsgesetz) und Gelegenheit zu \u00dcben<\/li>\n<\/ul>\n<h2><strong>MBA Negotiation Management<br \/>\n<\/strong><\/h2>\n<p>Universit\u00e4t Potsdam Durchgang IV 2024 &#8211; 25<span style=\"color: #993300;\"><strong><br \/>\n<\/strong><\/span><\/p>\n<h2><strong>Coaching Weiterbildung 14. Durchgang<br \/>\n<\/strong><\/h2>\n<p>ab 22.08.24 \u00a0\u00a0\u00a0\u00a0\u00a0\u00a0<strong> K &amp; W<br \/>\n<\/strong><\/p>\n<ul>\n<li>Beginn der neuen Weiterbildungen zum Coach<\/li>\n<\/ul>\n<h2><strong>Qi Gong &#8211; Coaching Retreat<br \/>\n<\/strong><\/h2>\n<p>05.11.\u00a0 &#8211; 12.11.2023 \u00a0\u00a0\u00a0 <strong>Madeira VII. Durchgang<br \/>\n<\/strong><\/p>\n","protected":false},"excerpt":{"rendered":"<p>Mediatoren Ausbildung ab 08.02.2024 \u00a0\u00a0\u00a0\u00a0\u00a0\u00a0 ZM 15 \u00a0 \u00a0 ab 14.11.2024 \u00a0 \u00a0\u00a0\u00a0\u00a0 ZM 16 \u00a0\u00a0\u00a0 Beginn der neuen Mediatoren Weiterbildungan der Juristischen Fakult\u00e4t der Universit\u00e4t Potsdam Weiterbildung f\u00fcr Mediatoren und Wirtschaftsmediatoren Training und Prozesssicherheit Mediatoren\u00a0 30.11. bis 02.12.2023 Organisationswissen\u00a0\u00a0\u00a0\u00a0\u00a0\u00a0\u00a0\u00a0\u00a0\u00a0\u00a0\u00a0\u00a0\u00a0\u00a0\u00a0\u00a0\u00a0\u00a0\u00a0\u00a0\u00a0\u00a0\u00a0\u00a0\u00a0 \u00a0 \u00a0\u00a0\u00a0 19.09. bis 21.09.2024 Fortbildungen f\u00fcr Mediatoren (Zertifiziert nach den Mediationsgesetz) und Gelegenheit zu [&hellip;]<\/p>\n","protected":false},"author":1,"featured_media":619,"parent":0,"menu_order":0,"comment_status":"closed","ping_status":"closed","template":"","meta":{"footnotes":""},"class_list":["post-19","page","type-page","status-publish","has-post-thumbnail","hentry"],"yoast_head":"<!-- This site is optimized with the Yoast SEO plugin v15.2 - https:\/\/yoast.com\/wordpress\/plugins\/seo\/ -->\n<title>Termine - Kramer &amp; Partner<\/title>\n<meta name=\"robots\" content=\"index, follow, max-snippet:-1, max-image-preview:large, max-video-preview:-1\" \/>\n<link rel=\"canonical\" href=\"https:\/\/kramer-und-partner.com\/?page_id=19\" \/>\n<meta property=\"og:locale\" content=\"de_DE\" \/>\n<meta property=\"og:type\" content=\"article\" \/>\n<meta property=\"og:title\" content=\"Termine - Kramer &amp; Partner\" \/>\n<meta property=\"og:description\" content=\"Mediatoren Ausbildung ab 08.02.2024 \u00a0\u00a0\u00a0\u00a0\u00a0\u00a0 ZM 15 \u00a0 \u00a0 ab 14.11.2024 \u00a0 \u00a0\u00a0\u00a0\u00a0 ZM 16 \u00a0\u00a0\u00a0 Beginn der neuen Mediatoren Weiterbildungan der Juristischen Fakult\u00e4t der Universit\u00e4t Potsdam Weiterbildung f\u00fcr Mediatoren und Wirtschaftsmediatoren Training und Prozesssicherheit Mediatoren\u00a0 30.11. bis 02.12.2023 Organisationswissen\u00a0\u00a0\u00a0\u00a0\u00a0\u00a0\u00a0\u00a0\u00a0\u00a0\u00a0\u00a0\u00a0\u00a0\u00a0\u00a0\u00a0\u00a0\u00a0\u00a0\u00a0\u00a0\u00a0\u00a0\u00a0\u00a0 \u00a0 \u00a0\u00a0\u00a0 19.09. bis 21.09.2024 Fortbildungen f\u00fcr Mediatoren (Zertifiziert nach den Mediationsgesetz) und Gelegenheit zu [&hellip;]\" \/>\n<meta property=\"og:url\" content=\"https:\/\/kramer-und-partner.com\/?page_id=19\" \/>\n<meta property=\"og:site_name\" content=\"Kramer &amp; Partner\" \/>\n<meta property=\"article:modified_time\" content=\"2023-08-11T07:15:31+00:00\" \/>\n<meta property=\"og:image\" content=\"https:\/\/kramer-und-partner.com\/wp-content\/uploads\/2014\/06\/Cesar-Manrice-Treppe1.jpg\" \/>\n\t<meta property=\"og:image:width\" content=\"1044\" \/>\n\t<meta property=\"og:image:height\" content=\"3072\" \/>\n<meta name=\"twitter:card\" content=\"summary\" \/>\n<meta name=\"twitter:label1\" value=\"Written by\">\n\t<meta name=\"twitter:data1\" value=\"admin\">\n\t<meta name=\"twitter:label2\" value=\"Est. reading time\">\n\t<meta name=\"twitter:data2\" value=\"0\u00a0Minuten\">\n<script type=\"application\/ld+json\" class=\"yoast-schema-graph\">{\"@context\":\"https:\/\/schema.org\",\"@graph\":[{\"@type\":\"WebSite\",\"@id\":\"https:\/\/kramer-und-partner.com\/#website\",\"url\":\"https:\/\/kramer-und-partner.com\/\",\"name\":\"Kramer &amp; Partner\",\"description\":\"Organisationsentwicklung Mediation Coaching\",\"potentialAction\":[{\"@type\":\"SearchAction\",\"target\":\"https:\/\/kramer-und-partner.com\/?s={search_term_string}\",\"query-input\":\"required name=search_term_string\"}],\"inLanguage\":\"de\"},{\"@type\":\"ImageObject\",\"@id\":\"https:\/\/kramer-und-partner.com\/?page_id=19#primaryimage\",\"inLanguage\":\"de\",\"url\":\"https:\/\/kramer-und-partner.com\/wp-content\/uploads\/2014\/06\/Cesar-Manrice-Treppe1.jpg\",\"width\":1044,\"height\":3072},{\"@type\":\"WebPage\",\"@id\":\"https:\/\/kramer-und-partner.com\/?page_id=19#webpage\",\"url\":\"https:\/\/kramer-und-partner.com\/?page_id=19\",\"name\":\"Termine - Kramer &amp; Partner\",\"isPartOf\":{\"@id\":\"https:\/\/kramer-und-partner.com\/#website\"},\"primaryImageOfPage\":{\"@id\":\"https:\/\/kramer-und-partner.com\/?page_id=19#primaryimage\"},\"datePublished\":\"2013-10-29T11:16:12+00:00\",\"dateModified\":\"2023-08-11T07:15:31+00:00\",\"inLanguage\":\"de\",\"potentialAction\":[{\"@type\":\"ReadAction\",\"target\":[\"https:\/\/kramer-und-partner.com\/?page_id=19\"]}]}]}<\/script>\n<!-- \/ Yoast SEO plugin. -->","_links":{"self":[{"href":"https:\/\/kramer-und-partner.com\/index.php?rest_route=\/wp\/v2\/pages\/19","targetHints":{"allow":["GET"]}}],"collection":[{"href":"https:\/\/kramer-und-partner.com\/index.php?rest_route=\/wp\/v2\/pages"}],"about":[{"href":"https:\/\/kramer-und-partner.com\/index.php?rest_route=\/wp\/v2\/types\/page"}],"author":[{"embeddable":true,"href":"https:\/\/kramer-und-partner.com\/index.php?rest_route=\/wp\/v2\/users\/1"}],"replies":[{"embeddable":true,"href":"https:\/\/kramer-und-partner.com\/index.php?rest_route=%2Fwp%2Fv2%2Fcomments&post=19"}],"version-history":[{"count":19,"href":"https:\/\/kramer-und-partner.com\/index.php?rest_route=\/wp\/v2\/pages\/19\/revisions"}],"predecessor-version":[{"id":925,"href":"https:\/\/kramer-und-partner.com\/index.php?rest_route=\/wp\/v2\/pages\/19\/revisions\/925"}],"wp:featuredmedia":[{"embeddable":true,"href":"https:\/\/kramer-und-partner.com\/index.php?rest_route=\/wp\/v2\/media\/619"}],"wp:attachment":[{"href":"https:\/\/kramer-und-partner.com\/index.php?rest_route=%2Fwp%2Fv2%2Fmedia&parent=19"}],"curies":[{"name":"wp","href":"https:\/\/api.w.org\/{rel}","templated":true}]}}