{"id":40,"date":"2013-10-29T11:20:29","date_gmt":"2013-10-29T11:20:29","guid":{"rendered":"http:\/\/localhost:8888\/Kramer%20und%20Partner\/?page_id=40"},"modified":"2014-06-11T18:48:57","modified_gmt":"2014-06-11T16:48:57","slug":"referenzen-und-zertifizierungen","status":"publish","type":"page","link":"https:\/\/kramer-und-partner.com\/?page_id=40","title":{"rendered":"Referenzen und Zertifizierungen"},"content":{"rendered":"<p>Gerne kann ich auf Anfrage <strong>Referenzen<\/strong> aus dem Bereich mittelst\u00e4ndischer Firmen, Beh\u00f6rden, Dax-Unternehmen oder Einzelpersonen nennen. Auch Teilnehmer beendeter Weiterbildungen sind gerne bereit von ihren Erfahrungen zu berichten.<\/p>\n<p><strong>Auszeichnung:<\/strong> Als einer von nur 5 Coaches wurde ich vom Personal Vorstand des VW Konzerns f\u00fcr Spitzenleistung als Coach ausgezeichnet<\/p>\n<p><strong>Publikationen:<\/strong> Neben Ver\u00f6ffentlichungen in Zeitschriften und Sammelb\u00e4nden habe ich gemeinsam mit meinen Kollegen von KE+P und der damaligen Leiterin der VW-Coaching GmbH das Buch \u201eDer Beginn von Coaching-Prozessen\u201c geschrieben.<br \/>\nAktuelle Artikel f\u00fcr Kongresse und Fachzeitschriften stehen zum Download bereit.<\/p>\n<p><strong>Zertifizierungen<\/strong> neben dem Diplom in Psychologie:<br \/>\nGestaltpsychotherapeut &#8211; Abschluss des IGG Berlin<br \/>\nSupervisor &#8211; Zertifikat des BDP (Bund Deutscher Psychologen)<br \/>\nMediator &#8211; Abschluss einer Ausbildung beim BDP, Zertifiziert BM<br \/>\nWirtschaftsmediator &#8211; Zertifikat SDMC (San Diego Mediation Center)<br \/>\nQMB &#8211; T\u00dcV Zertifikat<br \/>\nOE und Coaching &#8211; Abschluss einer Ausbildung bei der DGSD<br \/>\nTCM (Traditionelle Medizin) &#8211; aktuell in Ausbildung<\/p>\n","protected":false},"excerpt":{"rendered":"<p>Gerne kann ich auf Anfrage Referenzen aus dem Bereich mittelst\u00e4ndischer Firmen, Beh\u00f6rden, Dax-Unternehmen oder Einzelpersonen nennen. Auch Teilnehmer beendeter Weiterbildungen sind gerne bereit von ihren Erfahrungen zu berichten. Auszeichnung: Als einer von nur 5 Coaches wurde ich vom Personal Vorstand des VW Konzerns f\u00fcr Spitzenleistung als Coach ausgezeichnet Publikationen: Neben Ver\u00f6ffentlichungen in Zeitschriften und Sammelb\u00e4nden [&hellip;]<\/p>\n","protected":false},"author":1,"featured_media":683,"parent":0,"menu_order":0,"comment_status":"closed","ping_status":"closed","template":"","meta":{"footnotes":""},"class_list":["post-40","page","type-page","status-publish","has-post-thumbnail","hentry"],"yoast_head":"<!-- This site is optimized with the Yoast SEO plugin v15.2 - https:\/\/yoast.com\/wordpress\/plugins\/seo\/ -->\n<title>Referenzen und Zertifizierungen - Kramer &amp; Partner<\/title>\n<meta name=\"robots\" content=\"index, follow, max-snippet:-1, max-image-preview:large, max-video-preview:-1\" \/>\n<link rel=\"canonical\" href=\"https:\/\/kramer-und-partner.com\/?page_id=40\" \/>\n<meta property=\"og:locale\" content=\"de_DE\" \/>\n<meta property=\"og:type\" content=\"article\" \/>\n<meta property=\"og:title\" content=\"Referenzen und Zertifizierungen - Kramer &amp; Partner\" \/>\n<meta property=\"og:description\" content=\"Gerne kann ich auf Anfrage Referenzen aus dem Bereich mittelst\u00e4ndischer Firmen, Beh\u00f6rden, Dax-Unternehmen oder Einzelpersonen nennen. Auch Teilnehmer beendeter Weiterbildungen sind gerne bereit von ihren Erfahrungen zu berichten. Auszeichnung: Als einer von nur 5 Coaches wurde ich vom Personal Vorstand des VW Konzerns f\u00fcr Spitzenleistung als Coach ausgezeichnet Publikationen: Neben Ver\u00f6ffentlichungen in Zeitschriften und Sammelb\u00e4nden [&hellip;]\" \/>\n<meta property=\"og:url\" content=\"https:\/\/kramer-und-partner.com\/?page_id=40\" \/>\n<meta property=\"og:site_name\" content=\"Kramer &amp; Partner\" \/>\n<meta property=\"article:modified_time\" content=\"2014-06-11T16:48:57+00:00\" \/>\n<meta property=\"og:image\" content=\"https:\/\/kramer-und-partner.com\/wp-content\/uploads\/2013\/10\/bambus-370x1024.jpg\" \/>\n\t<meta property=\"og:image:width\" content=\"370\" \/>\n\t<meta property=\"og:image:height\" content=\"1024\" \/>\n<meta name=\"twitter:card\" content=\"summary\" \/>\n<meta name=\"twitter:label1\" value=\"Written by\">\n\t<meta name=\"twitter:data1\" value=\"admin\">\n\t<meta name=\"twitter:label2\" value=\"Est. reading time\">\n\t<meta name=\"twitter:data2\" value=\"1\u00a0Minute\">\n<script type=\"application\/ld+json\" class=\"yoast-schema-graph\">{\"@context\":\"https:\/\/schema.org\",\"@graph\":[{\"@type\":\"WebSite\",\"@id\":\"https:\/\/kramer-und-partner.com\/#website\",\"url\":\"https:\/\/kramer-und-partner.com\/\",\"name\":\"Kramer &amp; Partner\",\"description\":\"Organisationsentwicklung Mediation Coaching\",\"potentialAction\":[{\"@type\":\"SearchAction\",\"target\":\"https:\/\/kramer-und-partner.com\/?s={search_term_string}\",\"query-input\":\"required name=search_term_string\"}],\"inLanguage\":\"de\"},{\"@type\":\"ImageObject\",\"@id\":\"https:\/\/kramer-und-partner.com\/?page_id=40#primaryimage\",\"inLanguage\":\"de\",\"url\":\"https:\/\/kramer-und-partner.com\/wp-content\/uploads\/2013\/10\/bambus-370x1024.jpg\",\"width\":370,\"height\":1024},{\"@type\":\"WebPage\",\"@id\":\"https:\/\/kramer-und-partner.com\/?page_id=40#webpage\",\"url\":\"https:\/\/kramer-und-partner.com\/?page_id=40\",\"name\":\"Referenzen und Zertifizierungen - Kramer &amp; Partner\",\"isPartOf\":{\"@id\":\"https:\/\/kramer-und-partner.com\/#website\"},\"primaryImageOfPage\":{\"@id\":\"https:\/\/kramer-und-partner.com\/?page_id=40#primaryimage\"},\"datePublished\":\"2013-10-29T11:20:29+00:00\",\"dateModified\":\"2014-06-11T16:48:57+00:00\",\"inLanguage\":\"de\",\"potentialAction\":[{\"@type\":\"ReadAction\",\"target\":[\"https:\/\/kramer-und-partner.com\/?page_id=40\"]}]}]}<\/script>\n<!-- \/ Yoast SEO plugin. -->","_links":{"self":[{"href":"https:\/\/kramer-und-partner.com\/index.php?rest_route=\/wp\/v2\/pages\/40","targetHints":{"allow":["GET"]}}],"collection":[{"href":"https:\/\/kramer-und-partner.com\/index.php?rest_route=\/wp\/v2\/pages"}],"about":[{"href":"https:\/\/kramer-und-partner.com\/index.php?rest_route=\/wp\/v2\/types\/page"}],"author":[{"embeddable":true,"href":"https:\/\/kramer-und-partner.com\/index.php?rest_route=\/wp\/v2\/users\/1"}],"replies":[{"embeddable":true,"href":"https:\/\/kramer-und-partner.com\/index.php?rest_route=%2Fwp%2Fv2%2Fcomments&post=40"}],"version-history":[{"count":1,"href":"https:\/\/kramer-und-partner.com\/index.php?rest_route=\/wp\/v2\/pages\/40\/revisions"}],"predecessor-version":[{"id":684,"href":"https:\/\/kramer-und-partner.com\/index.php?rest_route=\/wp\/v2\/pages\/40\/revisions\/684"}],"wp:featuredmedia":[{"embeddable":true,"href":"https:\/\/kramer-und-partner.com\/index.php?rest_route=\/wp\/v2\/media\/683"}],"wp:attachment":[{"href":"https:\/\/kramer-und-partner.com\/index.php?rest_route=%2Fwp%2Fv2%2Fmedia&parent=40"}],"curies":[{"name":"wp","href":"https:\/\/api.w.org\/{rel}","templated":true}]}}