{"id":6,"date":"2013-10-27T12:12:35","date_gmt":"2013-10-27T12:12:35","guid":{"rendered":"http:\/\/localhost:8888\/Kramer%20und%20Partner\/?page_id=2"},"modified":"2021-05-01T20:57:22","modified_gmt":"2021-05-01T18:57:22","slug":"sample-page","status":"publish","type":"page","link":"https:\/\/kramer-und-partner.com\/","title":{"rendered":"Home"},"content":{"rendered":"\n\n<p align=\"center\"><span style=\"color: #000000;\"><strong>Herzlich Willkommen bei<\/strong><\/span><\/p>\n<h1 align=\"center\"><span style=\"color: #000000;\"><strong>Kramer <span style=\"color: #000000;\">&amp;<\/span> Partner<\/strong><\/span><\/h1>\n<p align=\"center\"><span style=\"color: #000000;\"><strong>Dipl. Psych. Michael Kramer<\/strong><\/span><\/p>\n<p align=\"center\">\u00a0Organisationsberatung \u2013 Coaching \u2013 Mediation \u2013 Ausbildung<\/p>\n<p align=\"center\">Seit nun mehr \u00fcber 35 Jahren bin ich in diesen Feldern t\u00e4tig und dankbar, f\u00fcr weit \u00fcber 300 zufriedene Kunden gearbeitet zu haben.<\/p>\n<p align=\"center\">Auf diesen Seiten k\u00f6nnen Sie sich zu dem Angebot und der Philosophie von K &amp; P sowie meiner Person informieren. Die Seiten sind immer so aufgebaut, dass Sie zun\u00e4chst einen eher grunds\u00e4tzlichen \u00dcberblick bekommen und, sollten Sie weiter interessiert sein, sich einen vertiefenden Text anschauen oder herunterladen k\u00f6nnen (Vers. 4-2021).<\/p>","protected":false},"excerpt":{"rendered":"<p>Herzlich Willkommen bei Kramer &amp; Partner Dipl. Psych. Michael Kramer \u00a0Organisationsberatung \u2013 Coaching \u2013 Mediation \u2013 Ausbildung Seit nun mehr \u00fcber 35 Jahren bin ich in diesen Feldern t\u00e4tig und dankbar, f\u00fcr weit \u00fcber 300 zufriedene Kunden gearbeitet zu haben. Auf diesen Seiten k\u00f6nnen Sie sich zu dem Angebot und der Philosophie von K &amp; [&hellip;]<\/p>\n","protected":false},"author":1,"featured_media":167,"parent":0,"menu_order":0,"comment_status":"closed","ping_status":"closed","template":"","meta":{"footnotes":""},"class_list":["post-6","page","type-page","status-publish","has-post-thumbnail","hentry"],"yoast_head":"<!-- This site is optimized with the Yoast SEO plugin v15.2 - https:\/\/yoast.com\/wordpress\/plugins\/seo\/ -->\n<title>Home - Kramer &amp; Partner<\/title>\n<meta name=\"robots\" content=\"index, follow, max-snippet:-1, max-image-preview:large, max-video-preview:-1\" \/>\n<link rel=\"canonical\" href=\"https:\/\/kramer-und-partner.com\/\" \/>\n<meta property=\"og:locale\" content=\"de_DE\" \/>\n<meta property=\"og:type\" content=\"article\" \/>\n<meta property=\"og:title\" content=\"Home - Kramer &amp; Partner\" \/>\n<meta property=\"og:description\" content=\"Herzlich Willkommen bei Kramer &amp; Partner Dipl. Psych. Michael Kramer \u00a0Organisationsberatung \u2013 Coaching \u2013 Mediation \u2013 Ausbildung Seit nun mehr \u00fcber 35 Jahren bin ich in diesen Feldern t\u00e4tig und dankbar, f\u00fcr weit \u00fcber 300 zufriedene Kunden gearbeitet zu haben. Auf diesen Seiten k\u00f6nnen Sie sich zu dem Angebot und der Philosophie von K &amp; [&hellip;]\" \/>\n<meta property=\"og:url\" content=\"https:\/\/kramer-und-partner.com\/\" \/>\n<meta property=\"og:site_name\" content=\"Kramer &amp; Partner\" \/>\n<meta property=\"article:modified_time\" content=\"2021-05-01T18:57:22+00:00\" \/>\n<meta property=\"og:image\" content=\"https:\/\/kramer-und-partner.com\/wp-content\/uploads\/2013\/11\/home.jpg\" \/>\n\t<meta property=\"og:image:width\" content=\"680\" \/>\n\t<meta property=\"og:image:height\" content=\"1881\" \/>\n<meta name=\"twitter:card\" content=\"summary\" \/>\n<meta name=\"twitter:label1\" value=\"Written by\">\n\t<meta name=\"twitter:data1\" value=\"admin\">\n\t<meta name=\"twitter:label2\" value=\"Est. reading time\">\n\t<meta name=\"twitter:data2\" value=\"0\u00a0Minuten\">\n<script type=\"application\/ld+json\" class=\"yoast-schema-graph\">{\"@context\":\"https:\/\/schema.org\",\"@graph\":[{\"@type\":\"WebSite\",\"@id\":\"https:\/\/kramer-und-partner.com\/#website\",\"url\":\"https:\/\/kramer-und-partner.com\/\",\"name\":\"Kramer &amp; Partner\",\"description\":\"Organisationsentwicklung Mediation Coaching\",\"potentialAction\":[{\"@type\":\"SearchAction\",\"target\":\"https:\/\/kramer-und-partner.com\/?s={search_term_string}\",\"query-input\":\"required name=search_term_string\"}],\"inLanguage\":\"de\"},{\"@type\":\"ImageObject\",\"@id\":\"https:\/\/kramer-und-partner.com\/#primaryimage\",\"inLanguage\":\"de\",\"url\":\"https:\/\/kramer-und-partner.com\/wp-content\/uploads\/2013\/11\/home.jpg\",\"width\":680,\"height\":1881},{\"@type\":\"WebPage\",\"@id\":\"https:\/\/kramer-und-partner.com\/#webpage\",\"url\":\"https:\/\/kramer-und-partner.com\/\",\"name\":\"Home - Kramer &amp; Partner\",\"isPartOf\":{\"@id\":\"https:\/\/kramer-und-partner.com\/#website\"},\"primaryImageOfPage\":{\"@id\":\"https:\/\/kramer-und-partner.com\/#primaryimage\"},\"datePublished\":\"2013-10-27T12:12:35+00:00\",\"dateModified\":\"2021-05-01T18:57:22+00:00\",\"inLanguage\":\"de\",\"potentialAction\":[{\"@type\":\"ReadAction\",\"target\":[\"https:\/\/kramer-und-partner.com\/\"]}]}]}<\/script>\n<!-- \/ Yoast SEO plugin. -->","_links":{"self":[{"href":"https:\/\/kramer-und-partner.com\/index.php?rest_route=\/wp\/v2\/pages\/6","targetHints":{"allow":["GET"]}}],"collection":[{"href":"https:\/\/kramer-und-partner.com\/index.php?rest_route=\/wp\/v2\/pages"}],"about":[{"href":"https:\/\/kramer-und-partner.com\/index.php?rest_route=\/wp\/v2\/types\/page"}],"author":[{"embeddable":true,"href":"https:\/\/kramer-und-partner.com\/index.php?rest_route=\/wp\/v2\/users\/1"}],"replies":[{"embeddable":true,"href":"https:\/\/kramer-und-partner.com\/index.php?rest_route=%2Fwp%2Fv2%2Fcomments&post=6"}],"version-history":[{"count":5,"href":"https:\/\/kramer-und-partner.com\/index.php?rest_route=\/wp\/v2\/pages\/6\/revisions"}],"predecessor-version":[{"id":912,"href":"https:\/\/kramer-und-partner.com\/index.php?rest_route=\/wp\/v2\/pages\/6\/revisions\/912"}],"wp:featuredmedia":[{"embeddable":true,"href":"https:\/\/kramer-und-partner.com\/index.php?rest_route=\/wp\/v2\/media\/167"}],"wp:attachment":[{"href":"https:\/\/kramer-und-partner.com\/index.php?rest_route=%2Fwp%2Fv2%2Fmedia&parent=6"}],"curies":[{"name":"wp","href":"https:\/\/api.w.org\/{rel}","templated":true}]}}