{"id":779,"date":"2016-11-18T21:18:44","date_gmt":"2016-11-18T19:18:44","guid":{"rendered":"http:\/\/kramer-und-partner.com\/?page_id=779"},"modified":"2023-08-11T09:05:07","modified_gmt":"2023-08-11T07:05:07","slug":"impressum","status":"publish","type":"page","link":"https:\/\/kramer-und-partner.com\/?page_id=779","title":{"rendered":"impressum und Datenschutz"},"content":{"rendered":"<div class=\"post-content box mark-links\">\n<p>Kramer &amp; Partner<br \/>\nStrichweg 9<br \/>\n27472 Cuxhaven<br \/>\nTel.: +49 (0)151 61711941<\/p>\n<p>Mail:\u00a0<a href=\"mailto:info@kramer-und-partner.com\">info@kramer-und-partner.com<\/a><br \/>\nInternet: www.kramer-und-partner.com<\/p>\n<p>Inhaltlich Verantwortlicher gem\u00e4\u00df \u00a710 Absatz 3 MDStV und V.i.S.d.P. ist:<br \/>\nMichael Kramer (Anschrift wie oben)<\/p>\n<p>Haftungshinweis: Trotz sorgf\u00e4ltiger inhaltlicher Kontrolle \u00fcbernehmen<br \/>\nwir keine Haftung f\u00fcr die Inhalte externer Links. F\u00fcr den Inhalt der<br \/>\nverlinkten Seiten sind ausschlie\u00dflich deren Betreiber verantwortlich.<\/p>\n<p><strong>Datenverarbeitung und Datenschutz<br \/>\n<\/strong><\/p>\n<p>Wir erheben und verwenden personenbezogene Daten der Nutzer unserer Website grunds\u00e4tzlich nur, soweit das zur Bereitstellung einer funktionsf\u00e4higen Website erforderlich ist. Das Surfen auf dieser Website ist Ihnen in der Regel ohne die Angaben personenbezogener Daten m\u00f6glich.\u00a0 Die Erhebung und Verwendung personenbezogener Daten unserer Nutzer erfolgt regelm\u00e4\u00dfig nur nach Einwilligung des Nutzers oder dann, wenn die Verarbeitung der Daten durch gesetzliche Vorschriften gestattet ist.<\/p>\n<p><b>Hinweis<\/b><\/p>\n<p>Texte, Grafiken und\u00a0Fotos der Homepage sowie der Downloads sind von Michael Kramer erstellt.<\/p>\n<p>Texte, Graphiken und Fotos der Seiten sind urheberrechtlich gesch\u00fctzt. Das Kopieren und die Ver\u00e4nderung dieser Daten sind ohne Genehmigung des Urhebers nicht gestattet.<\/p>\n<p>Letzte \u00c4nderung 01.08.2023<\/p>\n<\/div>\n","protected":false},"excerpt":{"rendered":"<p>Kramer &amp; Partner Strichweg 9 27472 Cuxhaven Tel.: +49 (0)151 61711941 Mail:\u00a0info@kramer-und-partner.com Internet: www.kramer-und-partner.com Inhaltlich Verantwortlicher gem\u00e4\u00df \u00a710 Absatz 3 MDStV und V.i.S.d.P. ist: Michael Kramer (Anschrift wie oben) Haftungshinweis: Trotz sorgf\u00e4ltiger inhaltlicher Kontrolle \u00fcbernehmen wir keine Haftung f\u00fcr die Inhalte externer Links. F\u00fcr den Inhalt der verlinkten Seiten sind ausschlie\u00dflich deren Betreiber verantwortlich. Datenverarbeitung [&hellip;]<\/p>\n","protected":false},"author":1,"featured_media":617,"parent":0,"menu_order":0,"comment_status":"closed","ping_status":"closed","template":"","meta":{"footnotes":""},"class_list":["post-779","page","type-page","status-publish","has-post-thumbnail","hentry"],"yoast_head":"<!-- This site is optimized with the Yoast SEO plugin v15.2 - https:\/\/yoast.com\/wordpress\/plugins\/seo\/ -->\n<title>impressum und Datenschutz - Kramer &amp; Partner<\/title>\n<meta name=\"robots\" content=\"index, follow, max-snippet:-1, max-image-preview:large, max-video-preview:-1\" \/>\n<link rel=\"canonical\" href=\"https:\/\/kramer-und-partner.com\/?page_id=779\" \/>\n<meta property=\"og:locale\" content=\"de_DE\" \/>\n<meta property=\"og:type\" content=\"article\" \/>\n<meta property=\"og:title\" content=\"impressum und Datenschutz - Kramer &amp; Partner\" \/>\n<meta property=\"og:description\" content=\"Kramer &amp; Partner Strichweg 9 27472 Cuxhaven Tel.: +49 (0)151 61711941 Mail:\u00a0info@kramer-und-partner.com Internet: www.kramer-und-partner.com Inhaltlich Verantwortlicher gem\u00e4\u00df \u00a710 Absatz 3 MDStV und V.i.S.d.P. ist: Michael Kramer (Anschrift wie oben) Haftungshinweis: Trotz sorgf\u00e4ltiger inhaltlicher Kontrolle \u00fcbernehmen wir keine Haftung f\u00fcr die Inhalte externer Links. F\u00fcr den Inhalt der verlinkten Seiten sind ausschlie\u00dflich deren Betreiber verantwortlich. Datenverarbeitung [&hellip;]\" \/>\n<meta property=\"og:url\" content=\"https:\/\/kramer-und-partner.com\/?page_id=779\" \/>\n<meta property=\"og:site_name\" content=\"Kramer &amp; Partner\" \/>\n<meta property=\"article:modified_time\" content=\"2023-08-11T07:05:07+00:00\" \/>\n<meta property=\"og:image\" content=\"https:\/\/kramer-und-partner.com\/wp-content\/uploads\/2014\/06\/Bl\u00fcten-auf-Madeira.jpg\" \/>\n\t<meta property=\"og:image:width\" content=\"1020\" \/>\n\t<meta property=\"og:image:height\" content=\"3000\" \/>\n<meta name=\"twitter:card\" content=\"summary\" \/>\n<meta name=\"twitter:label1\" value=\"Written by\">\n\t<meta name=\"twitter:data1\" value=\"admin\">\n\t<meta name=\"twitter:label2\" value=\"Est. reading time\">\n\t<meta name=\"twitter:data2\" value=\"1\u00a0Minute\">\n<script type=\"application\/ld+json\" class=\"yoast-schema-graph\">{\"@context\":\"https:\/\/schema.org\",\"@graph\":[{\"@type\":\"WebSite\",\"@id\":\"https:\/\/kramer-und-partner.com\/#website\",\"url\":\"https:\/\/kramer-und-partner.com\/\",\"name\":\"Kramer &amp; Partner\",\"description\":\"Organisationsentwicklung Mediation Coaching\",\"potentialAction\":[{\"@type\":\"SearchAction\",\"target\":\"https:\/\/kramer-und-partner.com\/?s={search_term_string}\",\"query-input\":\"required name=search_term_string\"}],\"inLanguage\":\"de\"},{\"@type\":\"ImageObject\",\"@id\":\"https:\/\/kramer-und-partner.com\/?page_id=779#primaryimage\",\"inLanguage\":\"de\",\"url\":\"https:\/\/kramer-und-partner.com\/wp-content\/uploads\/2014\/06\/Bl\\u00fcten-auf-Madeira.jpg\",\"width\":1020,\"height\":3000},{\"@type\":\"WebPage\",\"@id\":\"https:\/\/kramer-und-partner.com\/?page_id=779#webpage\",\"url\":\"https:\/\/kramer-und-partner.com\/?page_id=779\",\"name\":\"impressum und Datenschutz - Kramer &amp; Partner\",\"isPartOf\":{\"@id\":\"https:\/\/kramer-und-partner.com\/#website\"},\"primaryImageOfPage\":{\"@id\":\"https:\/\/kramer-und-partner.com\/?page_id=779#primaryimage\"},\"datePublished\":\"2016-11-18T19:18:44+00:00\",\"dateModified\":\"2023-08-11T07:05:07+00:00\",\"inLanguage\":\"de\",\"potentialAction\":[{\"@type\":\"ReadAction\",\"target\":[\"https:\/\/kramer-und-partner.com\/?page_id=779\"]}]}]}<\/script>\n<!-- \/ Yoast SEO plugin. -->","_links":{"self":[{"href":"https:\/\/kramer-und-partner.com\/index.php?rest_route=\/wp\/v2\/pages\/779","targetHints":{"allow":["GET"]}}],"collection":[{"href":"https:\/\/kramer-und-partner.com\/index.php?rest_route=\/wp\/v2\/pages"}],"about":[{"href":"https:\/\/kramer-und-partner.com\/index.php?rest_route=\/wp\/v2\/types\/page"}],"author":[{"embeddable":true,"href":"https:\/\/kramer-und-partner.com\/index.php?rest_route=\/wp\/v2\/users\/1"}],"replies":[{"embeddable":true,"href":"https:\/\/kramer-und-partner.com\/index.php?rest_route=%2Fwp%2Fv2%2Fcomments&post=779"}],"version-history":[{"count":11,"href":"https:\/\/kramer-und-partner.com\/index.php?rest_route=\/wp\/v2\/pages\/779\/revisions"}],"predecessor-version":[{"id":922,"href":"https:\/\/kramer-und-partner.com\/index.php?rest_route=\/wp\/v2\/pages\/779\/revisions\/922"}],"wp:featuredmedia":[{"embeddable":true,"href":"https:\/\/kramer-und-partner.com\/index.php?rest_route=\/wp\/v2\/media\/617"}],"wp:attachment":[{"href":"https:\/\/kramer-und-partner.com\/index.php?rest_route=%2Fwp%2Fv2%2Fmedia&parent=779"}],"curies":[{"name":"wp","href":"https:\/\/api.w.org\/{rel}","templated":true}]}}