{"id":79,"date":"2013-11-04T18:26:10","date_gmt":"2013-11-04T18:26:10","guid":{"rendered":"http:\/\/localhost:8888\/kramer_und_partner\/?page_id=79"},"modified":"2018-08-25T11:24:07","modified_gmt":"2018-08-25T09:24:07","slug":"coaching","status":"publish","type":"page","link":"https:\/\/kramer-und-partner.com\/?page_id=79","title":{"rendered":"Coaching"},"content":{"rendered":"<p>Im Rahmen des Coachings kann eine Fach- oder F\u00fchrungskraft, ein Unternehmer oder Manager mit dem Coach Fragestellungen ressourcenorientiert reflektieren und \u00a0passende L\u00f6sungen finden. Diese Fragestellungen betreffen berufliche Entscheidungs-, F\u00fchrungs- und Kooperationssituationen und k\u00f6nnen eine Vielzahl unterschiedlicher inhaltlicher Themen umfassen,\u00a0 z.B. F\u00fchrung schwieriger Mitarbeiter, Projektplanung oder Positionierung in Machtkontexten.<\/p>\n<p>\u00dcber die St\u00e4rkung der eigenen F\u00fchrungskompetenz hinaus befasst sich das <a title=\"Erweiterter Text Coaching\" href=\"http:\/\/kramer-und-partner.com\/Wordpress\/wp-content\/uploads\/2014\/03\/Coaching-Lang.pdf\" target=\"_blank\"><i><span style=\"text-decoration: underline;\">Coaching<\/span><\/i><\/a> h\u00e4ufig mit grundlegenden Fragen individueller Werte, den individuellen Ma\u00dfst\u00e4ben von erf\u00fcllter und erfolgreicher Arbeit sowie mit Fragen der pers\u00f6nlichen Balance und Gesundheit.<\/p>\n<p>Die Arbeitsbasis ist auch hier mein weiter Erfahrungshintergrund, der sich von der Optimierung von Produktionsprozessen, \u00fcber die Mediation bis hin zu Psychotherapie und Gruppendynamik erstreckt und somit den jeweils passenden Zugang zu komplexen Situationen und Fragestellungen erm\u00f6glicht.<\/p>\n<p>Unser Angebot:<\/p>\n<ul>\n<li>Klassisches 1:1 Coaching<\/li>\n<li>Teamcoaching<\/li>\n<li>Konfliktcoaching<\/li>\n<li>Fachcoaching f\u00fcr Projektmanager<\/li>\n<li>Coaching f\u00fcr Mediatoren<\/li>\n<\/ul>\n<p>&nbsp;<\/p>\n","protected":false},"excerpt":{"rendered":"<p>Im Rahmen des Coachings kann eine Fach- oder F\u00fchrungskraft, ein Unternehmer oder Manager mit dem Coach Fragestellungen ressourcenorientiert reflektieren und \u00a0passende L\u00f6sungen finden. Diese Fragestellungen betreffen berufliche Entscheidungs-, F\u00fchrungs- und Kooperationssituationen und k\u00f6nnen eine Vielzahl unterschiedlicher inhaltlicher Themen umfassen,\u00a0 z.B. F\u00fchrung schwieriger Mitarbeiter, Projektplanung oder Positionierung in Machtkontexten. \u00dcber die St\u00e4rkung der eigenen F\u00fchrungskompetenz hinaus [&hellip;]<\/p>\n","protected":false},"author":1,"featured_media":649,"parent":0,"menu_order":0,"comment_status":"closed","ping_status":"closed","template":"","meta":{"footnotes":""},"class_list":["post-79","page","type-page","status-publish","has-post-thumbnail","hentry"],"yoast_head":"<!-- This site is optimized with the Yoast SEO plugin v15.2 - https:\/\/yoast.com\/wordpress\/plugins\/seo\/ -->\n<title>Coaching - Kramer &amp; Partner<\/title>\n<meta name=\"robots\" content=\"index, follow, max-snippet:-1, max-image-preview:large, max-video-preview:-1\" \/>\n<link rel=\"canonical\" href=\"https:\/\/kramer-und-partner.com\/?page_id=79\" \/>\n<meta property=\"og:locale\" content=\"de_DE\" \/>\n<meta property=\"og:type\" content=\"article\" \/>\n<meta property=\"og:title\" content=\"Coaching - Kramer &amp; Partner\" \/>\n<meta property=\"og:description\" content=\"Im Rahmen des Coachings kann eine Fach- oder F\u00fchrungskraft, ein Unternehmer oder Manager mit dem Coach Fragestellungen ressourcenorientiert reflektieren und \u00a0passende L\u00f6sungen finden. Diese Fragestellungen betreffen berufliche Entscheidungs-, F\u00fchrungs- und Kooperationssituationen und k\u00f6nnen eine Vielzahl unterschiedlicher inhaltlicher Themen umfassen,\u00a0 z.B. F\u00fchrung schwieriger Mitarbeiter, Projektplanung oder Positionierung in Machtkontexten. \u00dcber die St\u00e4rkung der eigenen F\u00fchrungskompetenz hinaus [&hellip;]\" \/>\n<meta property=\"og:url\" content=\"https:\/\/kramer-und-partner.com\/?page_id=79\" \/>\n<meta property=\"og:site_name\" content=\"Kramer &amp; Partner\" \/>\n<meta property=\"article:modified_time\" content=\"2018-08-25T09:24:07+00:00\" \/>\n<meta property=\"og:image\" content=\"https:\/\/kramer-und-partner.com\/wp-content\/uploads\/2014\/06\/Moorsteg1.jpg\" \/>\n\t<meta property=\"og:image:width\" content=\"993\" \/>\n\t<meta property=\"og:image:height\" content=\"2920\" \/>\n<meta name=\"twitter:card\" content=\"summary\" \/>\n<meta name=\"twitter:label1\" value=\"Written by\">\n\t<meta name=\"twitter:data1\" value=\"admin\">\n\t<meta name=\"twitter:label2\" value=\"Est. reading time\">\n\t<meta name=\"twitter:data2\" value=\"1\u00a0Minute\">\n<script type=\"application\/ld+json\" class=\"yoast-schema-graph\">{\"@context\":\"https:\/\/schema.org\",\"@graph\":[{\"@type\":\"WebSite\",\"@id\":\"https:\/\/kramer-und-partner.com\/#website\",\"url\":\"https:\/\/kramer-und-partner.com\/\",\"name\":\"Kramer &amp; Partner\",\"description\":\"Organisationsentwicklung Mediation Coaching\",\"potentialAction\":[{\"@type\":\"SearchAction\",\"target\":\"https:\/\/kramer-und-partner.com\/?s={search_term_string}\",\"query-input\":\"required name=search_term_string\"}],\"inLanguage\":\"de\"},{\"@type\":\"ImageObject\",\"@id\":\"https:\/\/kramer-und-partner.com\/?page_id=79#primaryimage\",\"inLanguage\":\"de\",\"url\":\"https:\/\/kramer-und-partner.com\/wp-content\/uploads\/2014\/06\/Moorsteg1.jpg\",\"width\":993,\"height\":2920},{\"@type\":\"WebPage\",\"@id\":\"https:\/\/kramer-und-partner.com\/?page_id=79#webpage\",\"url\":\"https:\/\/kramer-und-partner.com\/?page_id=79\",\"name\":\"Coaching - Kramer &amp; Partner\",\"isPartOf\":{\"@id\":\"https:\/\/kramer-und-partner.com\/#website\"},\"primaryImageOfPage\":{\"@id\":\"https:\/\/kramer-und-partner.com\/?page_id=79#primaryimage\"},\"datePublished\":\"2013-11-04T18:26:10+00:00\",\"dateModified\":\"2018-08-25T09:24:07+00:00\",\"inLanguage\":\"de\",\"potentialAction\":[{\"@type\":\"ReadAction\",\"target\":[\"https:\/\/kramer-und-partner.com\/?page_id=79\"]}]}]}<\/script>\n<!-- \/ Yoast SEO plugin. -->","_links":{"self":[{"href":"https:\/\/kramer-und-partner.com\/index.php?rest_route=\/wp\/v2\/pages\/79","targetHints":{"allow":["GET"]}}],"collection":[{"href":"https:\/\/kramer-und-partner.com\/index.php?rest_route=\/wp\/v2\/pages"}],"about":[{"href":"https:\/\/kramer-und-partner.com\/index.php?rest_route=\/wp\/v2\/types\/page"}],"author":[{"embeddable":true,"href":"https:\/\/kramer-und-partner.com\/index.php?rest_route=\/wp\/v2\/users\/1"}],"replies":[{"embeddable":true,"href":"https:\/\/kramer-und-partner.com\/index.php?rest_route=%2Fwp%2Fv2%2Fcomments&post=79"}],"version-history":[{"count":4,"href":"https:\/\/kramer-und-partner.com\/index.php?rest_route=\/wp\/v2\/pages\/79\/revisions"}],"predecessor-version":[{"id":849,"href":"https:\/\/kramer-und-partner.com\/index.php?rest_route=\/wp\/v2\/pages\/79\/revisions\/849"}],"wp:featuredmedia":[{"embeddable":true,"href":"https:\/\/kramer-und-partner.com\/index.php?rest_route=\/wp\/v2\/media\/649"}],"wp:attachment":[{"href":"https:\/\/kramer-und-partner.com\/index.php?rest_route=%2Fwp%2Fv2%2Fmedia&parent=79"}],"curies":[{"name":"wp","href":"https:\/\/api.w.org\/{rel}","templated":true}]}}