{"id":85,"date":"2013-11-04T18:27:12","date_gmt":"2013-11-04T18:27:12","guid":{"rendered":"http:\/\/localhost:8888\/kramer_und_partner\/?page_id=85"},"modified":"2016-11-27T20:21:01","modified_gmt":"2016-11-27T18:21:01","slug":"wirtschaftsmediation","status":"publish","type":"page","link":"https:\/\/kramer-und-partner.com\/?page_id=85","title":{"rendered":"Wirtschaftsmediation und Mediation"},"content":{"rendered":"<p>\u201eEin Mensch wollt immer Recht behalten,<br \/>\nso kam\u00b4s vom Haar- zum Sch\u00e4delspalten\u201c<br \/>\nEugen Roth<\/p>\n<p>Die <a href=\"http:\/\/kramer-und-partner.com\/Wordpress\/wp-content\/uploads\/2014\/06\/8-Mediation.pdf\">Mediation <\/a>ist ein zutiefst ressourcenschonendes Verfahren und bietet sowohl im Familien- wie im Wirtschaftsbereich deutliche Vorteile gegen\u00fcber strittigen Verfahren oder der Nichtbeachtung von Konflikten, Themen oder Problemen. Im Bereich von Beziehung und Familie wird Mediation erfolgreich eingesetzt, um eine &#8220;Trennung ohne Verlierer&#8221; zu gew\u00e4hrleisten oder in bestehenden Beziehungen wieder zu einem gesunden Miteinander zu kommen. Im Organisationsbereich k\u00f6nnen mit Hilfe der <a href=\"http:\/\/kramer-und-partner.com\/Wordpress\/wp-content\/uploads\/2014\/06\/9-Wirtschaftsmediation.pdf\" target=\"_blank\">Wirtschaftsmediation<\/a> Optimierungsprozesse oder Probleml\u00f6sungen<br \/>\n\u2022 kosteng\u00fcnstig und extrem zeiteffektiv<br \/>\n\u2022 die eigenen Kompetenzen st\u00e4rkend<br \/>\n\u2022 nachhaltig und inhaltlich selbstbestimmt<br \/>\n\u2022 ressourcenschonend (Beziehung, Zeit, Geld) gestaltet werden.<\/p>\n<p>Seit Mitte der 90er bin ich erfolgreich als Wirtschaftsmediator t\u00e4tig. So habe ich unz\u00e4hlige F\u00e4lle in internationalen Konzernen, mittelst\u00e4ndischen Firmen oder kommunalen Betrieben und Beh\u00f6rden f\u00fcr meine Kunden erfolgreich durchgef\u00fchrt. In einem internationalen Konzern habe ich das Mediationswesen aufgebaut und beim Ausw\u00e4rtigen Amt die Konfliktspezialisten ausgebildet. In vielen Organisationen habe ich ein komplexes KMS aufgebaut.<br \/>\nZu meinem Angebot geh\u00f6ren:<\/p>\n<p>\u2022 Klassische 1:1 Mediation<br \/>\n\u2022 Teammediation<br \/>\n\u2022 Interkulturelle Mediation<br \/>\n\u2022 Mediation zwischen verschiedenen Unternehmen oder innerhalb eines Unternehmens zwischen Bereichen<br \/>\n\u2022 Entwicklung von Konfliktmanagementsystemen und Integration in bestehende Managementsysteme<br \/>\n\u2022 <a href=\"http:\/\/kramer-und-partner.com\/wp-content\/uploads\/2016\/11\/Change-nit-Mediation-SdM_53_2014_Kramer.pdf\">change mit mediation gestalten<\/a><\/p>\n<p>&nbsp;<\/p>\n<p><a href=\"http:\/\/kramer-und-partner.com\/wp-content\/uploads\/2016\/11\/Brosch\u00fcre-Studiengang_Mediation_UpTransferGmbH.pdf\">brosch\u00fcre\u00a0 studiengang_mediation\u00a0 <\/a>Zertifikatsstudiengang an der Universit\u00e4t Potsdam.<\/p>\n","protected":false},"excerpt":{"rendered":"<p>\u201eEin Mensch wollt immer Recht behalten, so kam\u00b4s vom Haar- zum Sch\u00e4delspalten\u201c Eugen Roth Die Mediation ist ein zutiefst ressourcenschonendes Verfahren und bietet sowohl im Familien- wie im Wirtschaftsbereich deutliche Vorteile gegen\u00fcber strittigen Verfahren oder der Nichtbeachtung von Konflikten, Themen oder Problemen. Im Bereich von Beziehung und Familie wird Mediation erfolgreich eingesetzt, um eine &#8220;Trennung [&hellip;]<\/p>\n","protected":false},"author":1,"featured_media":0,"parent":0,"menu_order":0,"comment_status":"closed","ping_status":"closed","template":"","meta":{"footnotes":""},"class_list":["post-85","page","type-page","status-publish","hentry"],"yoast_head":"<!-- This site is optimized with the Yoast SEO plugin v15.2 - https:\/\/yoast.com\/wordpress\/plugins\/seo\/ -->\n<title>Wirtschaftsmediation und Mediation - Kramer &amp; Partner<\/title>\n<meta name=\"robots\" content=\"index, follow, max-snippet:-1, max-image-preview:large, max-video-preview:-1\" \/>\n<link rel=\"canonical\" href=\"https:\/\/kramer-und-partner.com\/?page_id=85\" \/>\n<meta property=\"og:locale\" content=\"de_DE\" \/>\n<meta property=\"og:type\" content=\"article\" \/>\n<meta property=\"og:title\" content=\"Wirtschaftsmediation und Mediation - Kramer &amp; Partner\" \/>\n<meta property=\"og:description\" content=\"\u201eEin Mensch wollt immer Recht behalten, so kam\u00b4s vom Haar- zum Sch\u00e4delspalten\u201c Eugen Roth Die Mediation ist ein zutiefst ressourcenschonendes Verfahren und bietet sowohl im Familien- wie im Wirtschaftsbereich deutliche Vorteile gegen\u00fcber strittigen Verfahren oder der Nichtbeachtung von Konflikten, Themen oder Problemen. Im Bereich von Beziehung und Familie wird Mediation erfolgreich eingesetzt, um eine &#8220;Trennung [&hellip;]\" \/>\n<meta property=\"og:url\" content=\"https:\/\/kramer-und-partner.com\/?page_id=85\" \/>\n<meta property=\"og:site_name\" content=\"Kramer &amp; Partner\" \/>\n<meta property=\"article:modified_time\" content=\"2016-11-27T18:21:01+00:00\" \/>\n<meta name=\"twitter:card\" content=\"summary\" \/>\n<meta name=\"twitter:label1\" value=\"Written by\">\n\t<meta name=\"twitter:data1\" value=\"admin\">\n\t<meta name=\"twitter:label2\" value=\"Est. reading time\">\n\t<meta name=\"twitter:data2\" value=\"1\u00a0Minute\">\n<script type=\"application\/ld+json\" class=\"yoast-schema-graph\">{\"@context\":\"https:\/\/schema.org\",\"@graph\":[{\"@type\":\"WebSite\",\"@id\":\"https:\/\/kramer-und-partner.com\/#website\",\"url\":\"https:\/\/kramer-und-partner.com\/\",\"name\":\"Kramer &amp; Partner\",\"description\":\"Organisationsentwicklung Mediation Coaching\",\"potentialAction\":[{\"@type\":\"SearchAction\",\"target\":\"https:\/\/kramer-und-partner.com\/?s={search_term_string}\",\"query-input\":\"required name=search_term_string\"}],\"inLanguage\":\"de\"},{\"@type\":\"WebPage\",\"@id\":\"https:\/\/kramer-und-partner.com\/?page_id=85#webpage\",\"url\":\"https:\/\/kramer-und-partner.com\/?page_id=85\",\"name\":\"Wirtschaftsmediation und Mediation - Kramer &amp; Partner\",\"isPartOf\":{\"@id\":\"https:\/\/kramer-und-partner.com\/#website\"},\"datePublished\":\"2013-11-04T18:27:12+00:00\",\"dateModified\":\"2016-11-27T18:21:01+00:00\",\"inLanguage\":\"de\",\"potentialAction\":[{\"@type\":\"ReadAction\",\"target\":[\"https:\/\/kramer-und-partner.com\/?page_id=85\"]}]}]}<\/script>\n<!-- \/ Yoast SEO plugin. -->","_links":{"self":[{"href":"https:\/\/kramer-und-partner.com\/index.php?rest_route=\/wp\/v2\/pages\/85","targetHints":{"allow":["GET"]}}],"collection":[{"href":"https:\/\/kramer-und-partner.com\/index.php?rest_route=\/wp\/v2\/pages"}],"about":[{"href":"https:\/\/kramer-und-partner.com\/index.php?rest_route=\/wp\/v2\/types\/page"}],"author":[{"embeddable":true,"href":"https:\/\/kramer-und-partner.com\/index.php?rest_route=\/wp\/v2\/users\/1"}],"replies":[{"embeddable":true,"href":"https:\/\/kramer-und-partner.com\/index.php?rest_route=%2Fwp%2Fv2%2Fcomments&post=85"}],"version-history":[{"count":4,"href":"https:\/\/kramer-und-partner.com\/index.php?rest_route=\/wp\/v2\/pages\/85\/revisions"}],"predecessor-version":[{"id":827,"href":"https:\/\/kramer-und-partner.com\/index.php?rest_route=\/wp\/v2\/pages\/85\/revisions\/827"}],"wp:attachment":[{"href":"https:\/\/kramer-und-partner.com\/index.php?rest_route=%2Fwp%2Fv2%2Fmedia&parent=85"}],"curies":[{"name":"wp","href":"https:\/\/api.w.org\/{rel}","templated":true}]}}